{"id":2,"date":"2026-03-06T22:16:15","date_gmt":"2026-03-06T21:16:15","guid":{"rendered":"https:\/\/missionbig.tg\/?page_id=2"},"modified":"2026-03-22T16:05:17","modified_gmt":"2026-03-22T16:05:17","slug":"page-d-exemple","status":"publish","type":"page","link":"https:\/\/missionbig.tg\/?page_id=2","title":{"rendered":"Mot du Pasteur"},"content":{"rendered":"\t\t<div data-elementor-type=\"wp-page\" data-elementor-id=\"2\" class=\"elementor elementor-2\">\n\t\t\t\t<div class=\"elementor-element elementor-element-6bd26717 e-flex e-con-boxed e-con e-parent\" data-id=\"6bd26717\" data-element_type=\"container\" data-e-type=\"container\">\n\t\t\t\t\t<div class=\"e-con-inner\">\n\t\t\t\t<div class=\"elementor-element elementor-element-1d18c68c elementor-widget elementor-widget-text-editor\" data-id=\"1d18c68c\" data-element_type=\"widget\" data-e-type=\"widget\" data-widget_type=\"text-editor.default\">\n\t\t\t\t\t\t\t\t\t\n<div class=\"wp-block-group alignwide is-content-justification-space-between is-nowrap is-layout-flex wp-container-core-group-is-layout-0dfbf163 wp-block-group-is-layout-flex\">\n<div class=\"wp-block-media-text alignwide is-stacked-on-mobile is-vertically-aligned-center is-image-fill-element\" style=\"grid-template-columns: 60% auto;\">\n<figure class=\"wp-block-media-text__media\"><img fetchpriority=\"high\" decoding=\"async\" class=\"aligncenter wp-image-42 size-medium\" style=\"object-position: auto ;\" src=\"https:\/\/missionbig.tg\/wp-content\/uploads\/2026\/03\/pst-3.jpg\" alt=\"Johny LOKO\" width=\"172\" height=\"300\" \/><\/figure>\n<div class=\"wp-block-media-text__content\">\n<h2 class=\"wp-block-heading has-text-color\" style=\"color: #000000; font-size: 32px;\"><strong>Mot du Pasteur<\/strong><\/h2>\n\n\n\n<div class=\"wp-block-group\"><div class=\"wp-block-group__inner-container is-layout-constrained wp-block-group-is-layout-constrained\">\n<p class=\"has-text-color\" style=\"color: #000000; font-size: 27px;\">Bienvenue sur le portail de la Mission Baptiste Indig\u00e8ne La Gr\u00e2ce.<\/p>\n\n\n\n<p class=\"has-text-color\" style=\"color: #000000; font-size: 27px;\">Notre vision est claire\u202f: d\u00e9ployer les moyens modernes de communication au service de la Grande Commission, afin d\u2019\u00e9difier les croyants et propulser l\u2019avancement du Royaume de Dieu.\u202f<\/p>\n\n\n\n<p class=\"has-text-color\" style=\"color: #000000; font-size: 27px;\">\u00c0 travers ce site, nous voulons partager la vie de l\u2019\u00c9glise, ses activit\u00e9s, ses enseignements et ses t\u00e9moignages, afin que chacun soit encourag\u00e9 \u00e0 pers\u00e9v\u00e9rer dans la sanctification et \u00e0 ranimer son z\u00e8le pour le Seigneur.<\/p>\n\n\n\n<p class=\"has-text-color\" style=\"color: #000000; font-size: 27px;\">La moisson est grande, et ensemble, avec foi et d\u00e9termination, nous pouvons relever ce d\u00e9fi. Que ce portail soit un instrument de communion, de croissance et de mission.<\/p>\n\n\n\n<p class=\"has-text-color\" style=\"color: #000000; font-size: 27px;\"><strong>\u00ab\u202fQue tout ce qui est vrai, honorable, juste, pur, aimable, digne de louange, soit l\u2019objet de vos pens\u00e9es.\u202f\u00bb<\/strong> <em>(Philippiens 4:8)<\/em><\/p>\n\n\n\n<p class=\"has-text-color\" style=\"color: #000000; font-size: 27px;\">Que le Seigneur b\u00e9nisse chaque partenaire et chaque visiteur de ce site.<\/p>\n<\/div><\/div>\n\n\n\n<p class=\"has-text-color\" style=\"color: #000000; font-size: 25px;\">Votre serviteur en Christ, Le Missionnaire<strong> Johny LOKO<\/strong><\/p>\n<\/div>\n<\/div>\n<\/div>\n\n\n\n<div class=\"wp-block-cover alignfull is-light\" style=\"min-height: 100vh;aspect-ratio:unset;\">\n<div class=\"wp-block-cover__inner-container is-layout-flow wp-block-cover-is-layout-flow\">\n<p class=\"has-text-align-center has-large-font-size\">\u00a0<\/p>\n<\/div>\n<\/div>\n\n\n\n<p>&nbsp;<\/p>\n\t\t\t\t\t\t\t\t<\/div>\n\t\t\t\t\t<\/div>\n\t\t\t\t<\/div>\n\t\t\t\t<\/div>\n\t\t","protected":false},"excerpt":{"rendered":"<p>Mot du Pasteur Bienvenue sur le portail de la Mission Baptiste Indig\u00e8ne La Gr\u00e2ce. Notre vision est claire\u202f: d\u00e9ployer les moyens modernes de communication au service de la Grande Commission, afin d\u2019\u00e9difier les croyants et propulser l\u2019avancement du Royaume de Dieu.\u202f \u00c0 travers ce site, nous voulons partager la vie de l\u2019\u00c9glise, ses activit\u00e9s, ses<br \/><a class=\"moretag\" href=\"https:\/\/missionbig.tg\/?page_id=2\">+ Read More<\/a><\/p>\n","protected":false},"author":1,"featured_media":0,"parent":0,"menu_order":0,"comment_status":"closed","ping_status":"closed","template":"","meta":{"footnotes":""},"class_list":["post-2","page","type-page","status-publish","hentry"],"_links":{"self":[{"href":"https:\/\/missionbig.tg\/index.php?rest_route=\/wp\/v2\/pages\/2","targetHints":{"allow":["GET"]}}],"collection":[{"href":"https:\/\/missionbig.tg\/index.php?rest_route=\/wp\/v2\/pages"}],"about":[{"href":"https:\/\/missionbig.tg\/index.php?rest_route=\/wp\/v2\/types\/page"}],"author":[{"embeddable":true,"href":"https:\/\/missionbig.tg\/index.php?rest_route=\/wp\/v2\/users\/1"}],"replies":[{"embeddable":true,"href":"https:\/\/missionbig.tg\/index.php?rest_route=%2Fwp%2Fv2%2Fcomments&post=2"}],"version-history":[{"count":14,"href":"https:\/\/missionbig.tg\/index.php?rest_route=\/wp\/v2\/pages\/2\/revisions"}],"predecessor-version":[{"id":659,"href":"https:\/\/missionbig.tg\/index.php?rest_route=\/wp\/v2\/pages\/2\/revisions\/659"}],"wp:attachment":[{"href":"https:\/\/missionbig.tg\/index.php?rest_route=%2Fwp%2Fv2%2Fmedia&parent=2"}],"curies":[{"name":"wp","href":"https:\/\/api.w.org\/{rel}","templated":true}]}}